{"id":58,"date":"2024-01-10T13:43:15","date_gmt":"2024-01-10T12:43:15","guid":{"rendered":"https:\/\/ecswelding.com\/index.php\/page-right-sidebar\/"},"modified":"2024-01-12T12:53:21","modified_gmt":"2024-01-12T11:53:21","slug":"page-right-sidebar","status":"publish","type":"page","link":"https:\/\/ecswelding.com\/index.php\/page-right-sidebar\/","title":{"rendered":"Notre \u00c9quipe Qualifi\u00e9e"},"content":{"rendered":"<h3 style=\"text-align: left;\">Des Experts en Construction Polyvalents<\/h3>\n<p style=\"text-align: left;\">Chez ECS, notre force r\u00e9side dans notre \u00e9quipe exceptionnelle de professionnels hautement qualifi\u00e9s. Nous avons rassembl\u00e9 une \u00e9quipe diversifi\u00e9e d&#8217;experts en construction, sp\u00e9cialis\u00e9s dans des domaines allant de l&#8217;ing\u00e9nierie structurelle \u00e0 la gestion de projet, tous pr\u00eats \u00e0 relever les d\u00e9fis de projets on-shore et off-shore.<\/p>\n<h3>Polyvalence On-shore et Off-shore<\/h3>\n<p>Notre \u00e9quipe est parfaitement adapt\u00e9e pour travailler dans des environnements vari\u00e9s, que ce soit on-shore ou off-shore. Nous comprenons les complexit\u00e9s sp\u00e9cifiques de chaque contexte et nous sommes pr\u00eats \u00e0 d\u00e9ployer notre expertise l\u00e0 o\u00f9 vous en avez besoin. Notre capacit\u00e9 \u00e0 nous adapter aux conditions changeantes fait de nous le partenaire id\u00e9al pour des projets de construction \u00e0 grande \u00e9chelle, quel que soit l&#8217;emplacement.<\/p>\n<h3>Expertise Cruciale<\/h3>\n<p>L&#8217;expertise de notre \u00e9quipe est l&#8217;\u00e9l\u00e9ment crucial qui distingue ECS. Chaque membre de notre \u00e9quipe apporte des ann\u00e9es d&#8217;exp\u00e9rience dans son domaine respectif, que ce soit la conception, la construction, la gestion de projet ou la maintenance. Nous avons forg\u00e9 notre r\u00e9putation en fournissant des solutions innovantes et durables, et nous sommes fiers de la confiance que nos clients nous accordent.<\/p>\n<h3>Engagement envers l&#8217;Excellence<\/h3>\n<p>Notre \u00e9quipe partage un engagement commun envers l&#8217;excellence. Nous nous effor\u00e7ons de maintenir les normes les plus \u00e9lev\u00e9es \u00e0 chaque \u00e9tape du processus de construction. De la planification initiale \u00e0 l&#8217;ach\u00e8vement du projet, notre \u00e9quipe travaille de mani\u00e8re collaborative pour assurer des r\u00e9sultats exceptionnels.<\/p>\n<h3>Rencontrez Notre \u00c9quipe<\/h3>\n<p>D\u00e9couvrez les visages derri\u00e8re le succ\u00e8s de ECS. Rencontrez notre \u00e9quipe de professionnels d&#8217;hommes et de femmes\u00a0 passionn\u00e9s et d\u00e9couvrez comment leur expertise peut faire la diff\u00e9rence pour votre projet.<\/p>\n<p>&nbsp;<\/p>\n\n\t\t<style type=\"text\/css\">\n\t\t\t#gallery-1 {\n\t\t\t\tmargin: auto;\n\t\t\t}\n\t\t\t#gallery-1 .gallery-item {\n\t\t\t\tfloat: left;\n\t\t\t\tmargin-top: 10px;\n\t\t\t\ttext-align: center;\n\t\t\t\twidth: 100%;\n\t\t\t}\n\t\t\t#gallery-1 img {\n\t\t\t\tborder: 2px solid #cfcfcf;\n\t\t\t}\n\t\t\t#gallery-1 .gallery-caption {\n\t\t\t\tmargin-left: 0;\n\t\t\t}\n\t\t\t\/* see gallery_shortcode() in wp-includes\/media.php *\/\n\t\t<\/style>\n\t\t<div id='gallery-1' class='gallery galleryid-58 gallery-columns-1 gallery-size-full'><dl class='gallery-item'>\n\t\t\t<dt class='gallery-icon landscape'>\n\t\t\t\t<a href='https:\/\/ecswelding.com\/index.php\/page-right-sidebar-3\/dsc_8152\/'><img loading=\"lazy\" decoding=\"async\" width=\"2560\" height=\"1673\" src=\"https:\/\/ecswelding.com\/wp-content\/uploads\/2024\/01\/DSC_8152-scaled.jpg\" class=\"attachment-full size-full\" alt=\"\" aria-describedby=\"gallery-1-898\" srcset=\"https:\/\/ecswelding.com\/wp-content\/uploads\/2024\/01\/DSC_8152-scaled.jpg 2560w, https:\/\/ecswelding.com\/wp-content\/uploads\/2024\/01\/DSC_8152-300x196.jpg 300w, https:\/\/ecswelding.com\/wp-content\/uploads\/2024\/01\/DSC_8152-1024x669.jpg 1024w, https:\/\/ecswelding.com\/wp-content\/uploads\/2024\/01\/DSC_8152-768x502.jpg 768w, https:\/\/ecswelding.com\/wp-content\/uploads\/2024\/01\/DSC_8152-1536x1004.jpg 1536w, https:\/\/ecswelding.com\/wp-content\/uploads\/2024\/01\/DSC_8152-2048x1339.jpg 2048w\" sizes=\"(max-width: 2560px) 100vw, 2560px\" \/><\/a>\n\t\t\t<\/dt>\n\t\t\t\t<dd class='wp-caption-text gallery-caption' id='gallery-1-898'>\n\t\t\t\tCollaborative \n\t\t\t\t<\/dd><\/dl><br style=\"clear: both\" \/><dl class='gallery-item'>\n\t\t\t<dt class='gallery-icon landscape'>\n\t\t\t\t<a href='https:\/\/ecswelding.com\/index.php\/page-right-sidebar-3\/dsc_7940\/'><img loading=\"lazy\" decoding=\"async\" width=\"2560\" height=\"1696\" src=\"https:\/\/ecswelding.com\/wp-content\/uploads\/2024\/01\/DSC_7940-scaled.jpg\" class=\"attachment-full size-full\" alt=\"\" aria-describedby=\"gallery-1-899\" srcset=\"https:\/\/ecswelding.com\/wp-content\/uploads\/2024\/01\/DSC_7940-scaled.jpg 2560w, https:\/\/ecswelding.com\/wp-content\/uploads\/2024\/01\/DSC_7940-300x199.jpg 300w, https:\/\/ecswelding.com\/wp-content\/uploads\/2024\/01\/DSC_7940-1024x678.jpg 1024w, https:\/\/ecswelding.com\/wp-content\/uploads\/2024\/01\/DSC_7940-768x509.jpg 768w, https:\/\/ecswelding.com\/wp-content\/uploads\/2024\/01\/DSC_7940-1536x1017.jpg 1536w, https:\/\/ecswelding.com\/wp-content\/uploads\/2024\/01\/DSC_7940-2048x1357.jpg 2048w\" sizes=\"(max-width: 2560px) 100vw, 2560px\" \/><\/a>\n\t\t\t<\/dt>\n\t\t\t\t<dd class='wp-caption-text gallery-caption' id='gallery-1-899'>\n\t\t\t\tAdaptable\n\t\t\t\t<\/dd><\/dl><br style=\"clear: both\" \/><dl class='gallery-item'>\n\t\t\t<dt class='gallery-icon landscape'>\n\t\t\t\t<a href='https:\/\/ecswelding.com\/index.php\/page-right-sidebar-3\/dsc_8190\/'><img loading=\"lazy\" decoding=\"async\" width=\"2560\" height=\"1696\" src=\"https:\/\/ecswelding.com\/wp-content\/uploads\/2024\/01\/DSC_8190-scaled.jpg\" class=\"attachment-full size-full\" alt=\"\" aria-describedby=\"gallery-1-897\" srcset=\"https:\/\/ecswelding.com\/wp-content\/uploads\/2024\/01\/DSC_8190-scaled.jpg 2560w, https:\/\/ecswelding.com\/wp-content\/uploads\/2024\/01\/DSC_8190-300x199.jpg 300w, https:\/\/ecswelding.com\/wp-content\/uploads\/2024\/01\/DSC_8190-1024x678.jpg 1024w, https:\/\/ecswelding.com\/wp-content\/uploads\/2024\/01\/DSC_8190-768x509.jpg 768w, https:\/\/ecswelding.com\/wp-content\/uploads\/2024\/01\/DSC_8190-1536x1017.jpg 1536w, https:\/\/ecswelding.com\/wp-content\/uploads\/2024\/01\/DSC_8190-2048x1357.jpg 2048w\" sizes=\"(max-width: 2560px) 100vw, 2560px\" \/><\/a>\n\t\t\t<\/dt>\n\t\t\t\t<dd class='wp-caption-text gallery-caption' id='gallery-1-897'>\n\t\t\t\tInnovante\n\t\t\t\t<\/dd><\/dl><br style=\"clear: both\" \/>\n\t\t<\/div>\n\n","protected":false},"excerpt":{"rendered":"<p>Des Experts en Construction Polyvalents Chez ECS, notre force r\u00e9side dans notre \u00e9quipe exceptionnelle de professionnels hautement qualifi\u00e9s. Nous avons rassembl\u00e9 une \u00e9quipe diversifi\u00e9e d&#8217;experts en construction, sp\u00e9cialis\u00e9s dans des domaines allant de l&#8217;ing\u00e9nierie structurelle \u00e0 la gestion de projet, tous pr\u00eats \u00e0 relever les d\u00e9fis de projets on-shore et off-shore. Polyvalence On-shore et Off-shore &hellip; <\/p>\n<p class=\"link-more\"><a href=\"https:\/\/ecswelding.com\/index.php\/page-right-sidebar\/\" class=\"more-link\">Continue reading<span class=\"screen-reader-text\"> &#8220;Notre \u00c9quipe Qualifi\u00e9e&#8221;<\/span><\/a><\/p>\n","protected":false},"author":1,"featured_media":0,"parent":0,"menu_order":0,"comment_status":"closed","ping_status":"closed","template":"page-template\/page-with-right-sidebar.php","meta":{"footnotes":""},"_links":{"self":[{"href":"https:\/\/ecswelding.com\/index.php\/wp-json\/wp\/v2\/pages\/58"}],"collection":[{"href":"https:\/\/ecswelding.com\/index.php\/wp-json\/wp\/v2\/pages"}],"about":[{"href":"https:\/\/ecswelding.com\/index.php\/wp-json\/wp\/v2\/types\/page"}],"author":[{"embeddable":true,"href":"https:\/\/ecswelding.com\/index.php\/wp-json\/wp\/v2\/users\/1"}],"replies":[{"embeddable":true,"href":"https:\/\/ecswelding.com\/index.php\/wp-json\/wp\/v2\/comments?post=58"}],"version-history":[{"count":4,"href":"https:\/\/ecswelding.com\/index.php\/wp-json\/wp\/v2\/pages\/58\/revisions"}],"predecessor-version":[{"id":905,"href":"https:\/\/ecswelding.com\/index.php\/wp-json\/wp\/v2\/pages\/58\/revisions\/905"}],"wp:attachment":[{"href":"https:\/\/ecswelding.com\/index.php\/wp-json\/wp\/v2\/media?parent=58"}],"curies":[{"name":"wp","href":"https:\/\/api.w.org\/{rel}","templated":true}]}}