{"id":57,"date":"2024-01-10T13:43:15","date_gmt":"2024-01-10T12:43:15","guid":{"rendered":"https:\/\/ecswelding.com\/index.php\/page-left-sidebar\/"},"modified":"2024-01-12T12:15:35","modified_gmt":"2024-01-12T11:15:35","slug":"page-left-sidebar","status":"publish","type":"page","link":"https:\/\/ecswelding.com\/index.php\/page-left-sidebar\/","title":{"rendered":"ENTREPRISE DE CONSTRUCTION &#038; SERVICES"},"content":{"rendered":"<h4>Construction Innovante<\/h4>\n<p>Chez ECS, nous sommes sp\u00e9cialis\u00e9s dans la r\u00e9alisation de projets de construction novateurs, allant des structures r\u00e9sidentielles aux projets commerciaux complexes. Notre \u00e9quipe exp\u00e9riment\u00e9e travaille en \u00e9troite collaboration avec chaque client pour garantir la satisfaction et la r\u00e9ussite de chaque projet.<\/p>\n<h4>\u00c9quipement de Pointe<\/h4>\n<p>Notre avantage concurrentiel r\u00e9side dans notre parc d&#8217;\u00e9quipements de pointe, comprenant des machines telles que :<\/p>\n\n\t\t<style type=\"text\/css\">\n\t\t\t#gallery-1 {\n\t\t\t\tmargin: auto;\n\t\t\t}\n\t\t\t#gallery-1 .gallery-item {\n\t\t\t\tfloat: left;\n\t\t\t\tmargin-top: 10px;\n\t\t\t\ttext-align: center;\n\t\t\t\twidth: 100%;\n\t\t\t}\n\t\t\t#gallery-1 img {\n\t\t\t\tborder: 2px solid #cfcfcf;\n\t\t\t}\n\t\t\t#gallery-1 .gallery-caption {\n\t\t\t\tmargin-left: 0;\n\t\t\t}\n\t\t\t\/* see gallery_shortcode() in wp-includes\/media.php *\/\n\t\t<\/style>\n\t\t<div id='gallery-1' class='gallery galleryid-57 gallery-columns-1 gallery-size-large'><dl class='gallery-item'>\n\t\t\t<dt class='gallery-icon landscape'>\n\t\t\t\t<a href='https:\/\/ecswelding.com\/index.php\/page-left-sidebar\/dsc_8175\/'><img loading=\"lazy\" decoding=\"async\" width=\"640\" height=\"424\" src=\"https:\/\/ecswelding.com\/wp-content\/uploads\/2024\/01\/DSC_8175-1024x678.jpg\" class=\"attachment-large size-large\" alt=\"\" aria-describedby=\"gallery-1-891\" srcset=\"https:\/\/ecswelding.com\/wp-content\/uploads\/2024\/01\/DSC_8175-1024x678.jpg 1024w, https:\/\/ecswelding.com\/wp-content\/uploads\/2024\/01\/DSC_8175-300x199.jpg 300w, https:\/\/ecswelding.com\/wp-content\/uploads\/2024\/01\/DSC_8175-768x509.jpg 768w, https:\/\/ecswelding.com\/wp-content\/uploads\/2024\/01\/DSC_8175-1536x1017.jpg 1536w, https:\/\/ecswelding.com\/wp-content\/uploads\/2024\/01\/DSC_8175-2048x1357.jpg 2048w\" sizes=\"(max-width: 640px) 100vw, 640px\" \/><\/a>\n\t\t\t<\/dt>\n\t\t\t\t<dd class='wp-caption-text gallery-caption' id='gallery-1-891'>\n\t\t\t\tPlieuse\n\t\t\t\t<\/dd><\/dl><br style=\"clear: both\" \/><dl class='gallery-item'>\n\t\t\t<dt class='gallery-icon landscape'>\n\t\t\t\t<a href='https:\/\/ecswelding.com\/index.php\/page-3\/dsc_8158\/'><img loading=\"lazy\" decoding=\"async\" width=\"640\" height=\"424\" src=\"https:\/\/ecswelding.com\/wp-content\/uploads\/2024\/01\/DSC_8158-1024x678.jpg\" class=\"attachment-large size-large\" alt=\"\" aria-describedby=\"gallery-1-866\" srcset=\"https:\/\/ecswelding.com\/wp-content\/uploads\/2024\/01\/DSC_8158-1024x678.jpg 1024w, https:\/\/ecswelding.com\/wp-content\/uploads\/2024\/01\/DSC_8158-300x199.jpg 300w, https:\/\/ecswelding.com\/wp-content\/uploads\/2024\/01\/DSC_8158-768x509.jpg 768w, https:\/\/ecswelding.com\/wp-content\/uploads\/2024\/01\/DSC_8158-1536x1017.jpg 1536w, https:\/\/ecswelding.com\/wp-content\/uploads\/2024\/01\/DSC_8158-2048x1357.jpg 2048w\" sizes=\"(max-width: 640px) 100vw, 640px\" \/><\/a>\n\t\t\t<\/dt>\n\t\t\t\t<dd class='wp-caption-text gallery-caption' id='gallery-1-866'>\n\t\t\t\tGuillotine\n\t\t\t\t<\/dd><\/dl><br style=\"clear: both\" \/><dl class='gallery-item'>\n\t\t\t<dt class='gallery-icon landscape'>\n\t\t\t\t<a href='https:\/\/ecswelding.com\/index.php\/page-3\/dsc_8176\/'><img loading=\"lazy\" decoding=\"async\" width=\"640\" height=\"424\" src=\"https:\/\/ecswelding.com\/wp-content\/uploads\/2024\/01\/DSC_8176-1024x678.jpg\" class=\"attachment-large size-large\" alt=\"\" aria-describedby=\"gallery-1-865\" srcset=\"https:\/\/ecswelding.com\/wp-content\/uploads\/2024\/01\/DSC_8176-1024x678.jpg 1024w, https:\/\/ecswelding.com\/wp-content\/uploads\/2024\/01\/DSC_8176-300x199.jpg 300w, https:\/\/ecswelding.com\/wp-content\/uploads\/2024\/01\/DSC_8176-768x509.jpg 768w, https:\/\/ecswelding.com\/wp-content\/uploads\/2024\/01\/DSC_8176-1536x1017.jpg 1536w, https:\/\/ecswelding.com\/wp-content\/uploads\/2024\/01\/DSC_8176-2048x1357.jpg 2048w\" sizes=\"(max-width: 640px) 100vw, 640px\" \/><\/a>\n\t\t\t<\/dt>\n\t\t\t\t<dd class='wp-caption-text gallery-caption' id='gallery-1-865'>\n\t\t\t\tCintreuse Hydrolique\n\t\t\t\t<\/dd><\/dl><br style=\"clear: both\" \/><dl class='gallery-item'>\n\t\t\t<dt class='gallery-icon landscape'>\n\t\t\t\t<a href='https:\/\/ecswelding.com\/index.php\/page-3\/dsc_8164\/'><img loading=\"lazy\" decoding=\"async\" width=\"640\" height=\"424\" src=\"https:\/\/ecswelding.com\/wp-content\/uploads\/2024\/01\/DSC_8164-1024x678.jpg\" class=\"attachment-large size-large\" alt=\"\" aria-describedby=\"gallery-1-867\" srcset=\"https:\/\/ecswelding.com\/wp-content\/uploads\/2024\/01\/DSC_8164-1024x678.jpg 1024w, https:\/\/ecswelding.com\/wp-content\/uploads\/2024\/01\/DSC_8164-300x199.jpg 300w, https:\/\/ecswelding.com\/wp-content\/uploads\/2024\/01\/DSC_8164-768x509.jpg 768w, https:\/\/ecswelding.com\/wp-content\/uploads\/2024\/01\/DSC_8164-1536x1017.jpg 1536w, https:\/\/ecswelding.com\/wp-content\/uploads\/2024\/01\/DSC_8164-2048x1357.jpg 2048w\" sizes=\"(max-width: 640px) 100vw, 640px\" \/><\/a>\n\t\t\t<\/dt>\n\t\t\t\t<dd class='wp-caption-text gallery-caption' id='gallery-1-867'>\n\t\t\t\tRouleuse\n\t\t\t\t<\/dd><\/dl><br style=\"clear: both\" \/><dl class='gallery-item'>\n\t\t\t<dt class='gallery-icon portrait'>\n\t\t\t\t<a href='https:\/\/ecswelding.com\/index.php\/page-3\/dsc_8186\/'><img loading=\"lazy\" decoding=\"async\" width=\"640\" height=\"965\" src=\"https:\/\/ecswelding.com\/wp-content\/uploads\/2024\/01\/DSC_8186-679x1024.jpg\" class=\"attachment-large size-large\" alt=\"\" aria-describedby=\"gallery-1-864\" srcset=\"https:\/\/ecswelding.com\/wp-content\/uploads\/2024\/01\/DSC_8186-679x1024.jpg 679w, https:\/\/ecswelding.com\/wp-content\/uploads\/2024\/01\/DSC_8186-199x300.jpg 199w, https:\/\/ecswelding.com\/wp-content\/uploads\/2024\/01\/DSC_8186-768x1159.jpg 768w, https:\/\/ecswelding.com\/wp-content\/uploads\/2024\/01\/DSC_8186-1018x1536.jpg 1018w, https:\/\/ecswelding.com\/wp-content\/uploads\/2024\/01\/DSC_8186-1357x2048.jpg 1357w, https:\/\/ecswelding.com\/wp-content\/uploads\/2024\/01\/DSC_8186-scaled.jpg 1696w\" sizes=\"(max-width: 640px) 100vw, 640px\" \/><\/a>\n\t\t\t<\/dt>\n\t\t\t\t<dd class='wp-caption-text gallery-caption' id='gallery-1-864'>\n\t\t\t\tPerceuse Radiale \n\t\t\t\t<\/dd><\/dl><br style=\"clear: both\" \/>\n\t\t<\/div>\n\n<p style=\"text-align: left;\"><em><strong>Chez ECS, notre engagement envers l&#8217;excellence se refl\u00e8te dans chaque aspect de nos services. Nous combinons des comp\u00e9tences techniques avanc\u00e9es, des pratiques durables et un service client exceptionnel pour cr\u00e9er des solutions qui d\u00e9passent les attentes.<\/strong><\/em><\/p>\n<p>&nbsp;<\/p>\n","protected":false},"excerpt":{"rendered":"<p>Construction Innovante Chez ECS, nous sommes sp\u00e9cialis\u00e9s dans la r\u00e9alisation de projets de construction novateurs, allant des structures r\u00e9sidentielles aux projets commerciaux complexes. Notre \u00e9quipe exp\u00e9riment\u00e9e travaille en \u00e9troite collaboration avec chaque client pour garantir la satisfaction et la r\u00e9ussite de chaque projet. \u00c9quipement de Pointe Notre avantage concurrentiel r\u00e9side dans notre parc d&#8217;\u00e9quipements de &hellip; <\/p>\n<p class=\"link-more\"><a href=\"https:\/\/ecswelding.com\/index.php\/page-left-sidebar\/\" class=\"more-link\">Continue reading<span class=\"screen-reader-text\"> &#8220;ENTREPRISE DE CONSTRUCTION &#038; SERVICES&#8221;<\/span><\/a><\/p>\n","protected":false},"author":1,"featured_media":0,"parent":0,"menu_order":0,"comment_status":"closed","ping_status":"closed","template":"page-template\/page-with-left-sidebar.php","meta":{"footnotes":""},"_links":{"self":[{"href":"https:\/\/ecswelding.com\/index.php\/wp-json\/wp\/v2\/pages\/57"}],"collection":[{"href":"https:\/\/ecswelding.com\/index.php\/wp-json\/wp\/v2\/pages"}],"about":[{"href":"https:\/\/ecswelding.com\/index.php\/wp-json\/wp\/v2\/types\/page"}],"author":[{"embeddable":true,"href":"https:\/\/ecswelding.com\/index.php\/wp-json\/wp\/v2\/users\/1"}],"replies":[{"embeddable":true,"href":"https:\/\/ecswelding.com\/index.php\/wp-json\/wp\/v2\/comments?post=57"}],"version-history":[{"count":5,"href":"https:\/\/ecswelding.com\/index.php\/wp-json\/wp\/v2\/pages\/57\/revisions"}],"predecessor-version":[{"id":895,"href":"https:\/\/ecswelding.com\/index.php\/wp-json\/wp\/v2\/pages\/57\/revisions\/895"}],"wp:attachment":[{"href":"https:\/\/ecswelding.com\/index.php\/wp-json\/wp\/v2\/media?parent=57"}],"curies":[{"name":"wp","href":"https:\/\/api.w.org\/{rel}","templated":true}]}}